{"id":409,"date":"2023-06-10T11:16:50","date_gmt":"2023-06-10T11:16:50","guid":{"rendered":"https:\/\/fermeco.pl\/?page_id=409"},"modified":"2025-10-31T13:59:30","modified_gmt":"2025-10-31T13:59:30","slug":"kontakt","status":"publish","type":"page","link":"https:\/\/fermeco.pl\/de\/kontakt\/","title":{"rendered":"Kontakt"},"content":{"rendered":"<style>.kb-row-layout-wrap.wp-block-kadence-rowlayout.kb-row-layout-id409_7c9727-cb{margin-top:0px;}.kb-row-layout-id409_7c9727-cb > .kt-row-column-wrap{align-content:start;}:where(.kb-row-layout-id409_7c9727-cb > .kt-row-column-wrap) > .wp-block-kadence-column{justify-content:start;}.kb-row-layout-id409_7c9727-cb > .kt-row-column-wrap{column-gap:var(--global-kb-gap-md, 2rem);row-gap:var(--global-kb-gap-md, 2rem);padding-top:var(--global-kb-spacing-xl, 4rem);padding-bottom:var(--global-kb-spacing-xl, 4rem);grid-template-columns:minmax(0, 1fr);}.kb-row-layout-id409_7c9727-cb{background-image:url('https:\/\/fermeco.pl\/wp-content\/uploads\/2024\/02\/banner_bg_podstrona-1.jpg');background-size:cover;background-position:center center;background-attachment:scroll;background-repeat:no-repeat;}.kb-row-layout-id409_7c9727-cb > .kt-row-layout-overlay{opacity:0.30;}@media all and (max-width: 1024px){.kb-row-layout-id409_7c9727-cb > .kt-row-column-wrap{grid-template-columns:minmax(0, 1fr);}}@media all and (max-width: 767px){.kb-row-layout-id409_7c9727-cb > .kt-row-column-wrap{grid-template-columns:minmax(0, 1fr);}}<\/style><div class=\"kb-row-layout-wrap kb-row-layout-id409_7c9727-cb alignnone kt-row-has-bg wp-block-kadence-rowlayout\"><div class=\"kt-row-column-wrap kt-has-1-columns kt-row-layout-equal kt-tab-layout-inherit kt-mobile-layout-row kt-row-valign-top\">\n<style>.kadence-column409_825226-cd > .kt-inside-inner-col{display:flex;}.kadence-column409_825226-cd > .kt-inside-inner-col,.kadence-column409_825226-cd > .kt-inside-inner-col:before{border-top-left-radius:0px;border-top-right-radius:0px;border-bottom-right-radius:0px;border-bottom-left-radius:0px;}.kadence-column409_825226-cd > .kt-inside-inner-col{column-gap:var(--global-kb-gap-sm, 1rem);}.kadence-column409_825226-cd > .kt-inside-inner-col{flex-direction:column;align-items:center;}.kadence-column409_825226-cd > .kt-inside-inner-col > .kb-image-is-ratio-size{align-self:stretch;}.kadence-column409_825226-cd > .kt-inside-inner-col > .wp-block-kadence-advancedgallery{align-self:stretch;}.kadence-column409_825226-cd > .kt-inside-inner-col > .aligncenter{width:100%;}.kadence-column409_825226-cd > .kt-inside-inner-col:before{opacity:0.3;}.kadence-column409_825226-cd, .kadence-column409_825226-cd h1, .kadence-column409_825226-cd h2, .kadence-column409_825226-cd h3, .kadence-column409_825226-cd h4, .kadence-column409_825226-cd h5, .kadence-column409_825226-cd h6{color:var(--global-palette9, #ffffff);}.kadence-column409_825226-cd a{color:var(--global-palette9, #ffffff);}.kadence-column409_825226-cd a:hover{color:#80c504;}.kadence-column409_825226-cd{position:relative;}@media all and (max-width: 1024px){.kadence-column409_825226-cd > .kt-inside-inner-col{flex-direction:column;justify-content:center;align-items:center;}}@media all and (max-width: 767px){.kadence-column409_825226-cd > .kt-inside-inner-col{flex-direction:column;justify-content:center;align-items:center;}}<\/style>\n<div class=\"wp-block-kadence-column kadence-column409_825226-cd\"><div class=\"kt-inside-inner-col\">\n<h1 class=\"wp-block-heading has-text-align-center has-theme-palette-9-color has-text-color has-link-color has-larger-font-size wp-elements-b9ea1a8ec94909ebb053fd4f7b4b5c00\" style=\"font-style:normal;font-weight:400;text-transform:uppercase\">Kontakt<\/h1>\n\n\n<div class=\"breadcrumbs align  wp-block-bcn-breadcrumb-trail has-text-color has-background\" vocab=\"https:\/\/schema.org\/\" typeof=\"BreadcrumbList\">\n\t<span><\/span>\n\t<span property=\"itemListElement\" typeof=\"ListItem\"><a property=\"item\" typeof=\"WebPage\" title=\"Gehe zu Fermeco.\" href=\"https:\/\/fermeco.pl\/de\/\" class=\"home\" ><span property=\"name\">Fermeco<\/span><\/a><meta property=\"position\" content=\"1\"><\/span> &gt; <span property=\"itemListElement\" typeof=\"ListItem\"><a property=\"item\" typeof=\"WebPage\" title=\"Gehe zu Neuigkeiten.\" href=\"https:\/\/fermeco.pl\/de\/aktuell\/\" class=\"post-root post post-post\" aria-current=\"page\"><span property=\"name\">Neuigkeiten<\/span><\/a><meta property=\"position\" content=\"2\"><\/span><\/div>\n<\/div><\/div>\n\n<\/div><\/div>\n\n<style>.kb-row-layout-id409_66463d-67 > .kt-row-column-wrap{align-content:start;}:where(.kb-row-layout-id409_66463d-67 > .kt-row-column-wrap) > .wp-block-kadence-column{justify-content:start;}.kb-row-layout-id409_66463d-67 > .kt-row-column-wrap{column-gap:var(--global-kb-gap-lg, 4rem);row-gap:var(--global-kb-gap-md, 2rem);max-width:var( --global-content-width, 1290px );padding-left:var(--global-content-edge-padding);padding-right:var(--global-content-edge-padding);padding-top:var(--global-kb-spacing-sm, 1.5rem);padding-bottom:var(--global-kb-spacing-xxs, 0.5rem);grid-template-columns:minmax(0, calc(35% - ((var(--global-kb-gap-lg, 4rem) * 1 )\/2)))minmax(0, calc(65% - ((var(--global-kb-gap-lg, 4rem) * 1 )\/2)));}.kb-row-layout-id409_66463d-67 > .kt-row-layout-overlay{opacity:0.30;}@media all and (max-width: 1024px){.kb-row-layout-id409_66463d-67 > .kt-row-column-wrap{column-gap:var(--global-kb-gap-md, 2rem);padding-top:var(--global-kb-spacing-lg, 3rem);padding-bottom:var(--global-kb-spacing-lg, 3rem);grid-template-columns:minmax(0, 1fr);}}@media all and (max-width: 767px){.kb-row-layout-id409_66463d-67 > .kt-row-column-wrap{padding-right:var(--global-kb-spacing-xs, 1rem);padding-left:var(--global-kb-spacing-xs, 1rem);grid-template-columns:minmax(0, 1fr);}}<\/style><div class=\"kb-row-layout-wrap kb-row-layout-id409_66463d-67 alignfull has-theme-palette9-background-color kt-row-has-bg wp-block-kadence-rowlayout\"><div class=\"kt-row-column-wrap kt-has-2-columns kt-row-layout-equal kt-tab-layout-row kt-mobile-layout-row kt-row-valign-top kb-theme-content-width\">\n<style>.kadence-column409_ab660d-8a > .kt-inside-inner-col{display:flex;}.kadence-column409_ab660d-8a > .kt-inside-inner-col,.kadence-column409_ab660d-8a > .kt-inside-inner-col:before{border-top-left-radius:0px;border-top-right-radius:0px;border-bottom-right-radius:0px;border-bottom-left-radius:0px;}.kadence-column409_ab660d-8a > .kt-inside-inner-col{column-gap:var(--global-kb-gap-sm, 1rem);}.kadence-column409_ab660d-8a > .kt-inside-inner-col{flex-direction:column;justify-content:center;}.kadence-column409_ab660d-8a > .kt-inside-inner-col > .aligncenter{width:100%;}.kt-row-column-wrap > .kadence-column409_ab660d-8a{align-self:center;}.kt-inner-column-height-full:not(.kt-has-1-columns) > .wp-block-kadence-column.kadence-column409_ab660d-8a{align-self:auto;}.kt-inner-column-height-full:not(.kt-has-1-columns) > .wp-block-kadence-column.kadence-column409_ab660d-8a > .kt-inside-inner-col{flex-direction:column;justify-content:center;}.kadence-column409_ab660d-8a > .kt-inside-inner-col:before{opacity:0.3;}.kadence-column409_ab660d-8a{text-align:left;}.kadence-column409_ab660d-8a{position:relative;}@media all and (max-width: 1024px){.kt-row-column-wrap > .kadence-column409_ab660d-8a{align-self:center;}}@media all and (max-width: 1024px){.kt-inner-column-height-full:not(.kt-has-1-columns) > .wp-block-kadence-column.kadence-column409_ab660d-8a{align-self:auto;}}@media all and (max-width: 1024px){.kt-inner-column-height-full:not(.kt-has-1-columns) > .wp-block-kadence-column.kadence-column409_ab660d-8a > .kt-inside-inner-col{flex-direction:column;justify-content:center;}}@media all and (max-width: 1024px){.kadence-column409_ab660d-8a > .kt-inside-inner-col{flex-direction:column;justify-content:center;}}@media all and (max-width: 767px){.kt-row-column-wrap > .kadence-column409_ab660d-8a{align-self:center;}.kt-inner-column-height-full:not(.kt-has-1-columns) > .wp-block-kadence-column.kadence-column409_ab660d-8a{align-self:auto;}.kt-inner-column-height-full:not(.kt-has-1-columns) > .wp-block-kadence-column.kadence-column409_ab660d-8a > .kt-inside-inner-col{flex-direction:column;justify-content:center;}.kadence-column409_ab660d-8a > .kt-inside-inner-col{flex-direction:column;justify-content:center;}}<\/style>\n<div class=\"wp-block-kadence-column kadence-column409_ab660d-8a kb-section-dir-vertical inner-column-1\"><div class=\"kt-inside-inner-col\"><style>.wp-block-kadence-advancedheading.kt-adv-heading409_8498d6-6a, .wp-block-kadence-advancedheading.kt-adv-heading409_8498d6-6a[data-kb-block=\"kb-adv-heading409_8498d6-6a\"]{font-style:normal;}.wp-block-kadence-advancedheading.kt-adv-heading409_8498d6-6a mark.kt-highlight, .wp-block-kadence-advancedheading.kt-adv-heading409_8498d6-6a[data-kb-block=\"kb-adv-heading409_8498d6-6a\"] mark.kt-highlight{font-style:normal;color:#f76a0c;-webkit-box-decoration-break:clone;box-decoration-break:clone;padding-top:0px;padding-right:0px;padding-bottom:0px;padding-left:0px;}.wp-block-kadence-advancedheading.kt-adv-heading409_8498d6-6a img.kb-inline-image, .wp-block-kadence-advancedheading.kt-adv-heading409_8498d6-6a[data-kb-block=\"kb-adv-heading409_8498d6-6a\"] img.kb-inline-image{width:150px;vertical-align:baseline;}<\/style>\n<h2 class=\"kt-adv-heading409_8498d6-6a wp-block-kadence-advancedheading\" data-kb-block=\"kb-adv-heading409_8498d6-6a\"><strong>FERMECO Sp. z o.o.&nbsp;  <\/strong><\/h2>\n\n\n<style>.wp-block-kadence-advancedheading.kt-adv-heading409_6e17ae-62, .wp-block-kadence-advancedheading.kt-adv-heading409_6e17ae-62[data-kb-block=\"kb-adv-heading409_6e17ae-62\"]{padding-top:0px;padding-right:0px;padding-bottom:0px;padding-left:0px;margin-top:0px;margin-right:0px;margin-bottom:0px;margin-left:0px;font-style:normal;}.wp-block-kadence-advancedheading.kt-adv-heading409_6e17ae-62 mark.kt-highlight, .wp-block-kadence-advancedheading.kt-adv-heading409_6e17ae-62[data-kb-block=\"kb-adv-heading409_6e17ae-62\"] mark.kt-highlight{font-style:normal;color:#f76a0c;-webkit-box-decoration-break:clone;box-decoration-break:clone;padding-top:0px;padding-right:0px;padding-bottom:0px;padding-left:0px;}.wp-block-kadence-advancedheading.kt-adv-heading409_6e17ae-62 img.kb-inline-image, .wp-block-kadence-advancedheading.kt-adv-heading409_6e17ae-62[data-kb-block=\"kb-adv-heading409_6e17ae-62\"] img.kb-inline-image{width:150px;vertical-align:baseline;}<\/style>\n<p class=\"kt-adv-heading409_6e17ae-62 wp-block-kadence-advancedheading\" data-kb-block=\"kb-adv-heading409_6e17ae-62\">M\u0142ynarska 7<\/p>\n\n\n<style>.wp-block-kadence-advancedheading.kt-adv-heading409_79d729-30, .wp-block-kadence-advancedheading.kt-adv-heading409_79d729-30[data-kb-block=\"kb-adv-heading409_79d729-30\"]{padding-top:0px;margin-top:0px;font-style:normal;}.wp-block-kadence-advancedheading.kt-adv-heading409_79d729-30 mark.kt-highlight, .wp-block-kadence-advancedheading.kt-adv-heading409_79d729-30[data-kb-block=\"kb-adv-heading409_79d729-30\"] mark.kt-highlight{font-style:normal;color:#f76a0c;-webkit-box-decoration-break:clone;box-decoration-break:clone;padding-top:0px;padding-right:0px;padding-bottom:0px;padding-left:0px;}.wp-block-kadence-advancedheading.kt-adv-heading409_79d729-30 img.kb-inline-image, .wp-block-kadence-advancedheading.kt-adv-heading409_79d729-30[data-kb-block=\"kb-adv-heading409_79d729-30\"] img.kb-inline-image{width:150px;vertical-align:baseline;}<\/style>\n<p class=\"kt-adv-heading409_79d729-30 wp-block-kadence-advancedheading\" data-kb-block=\"kb-adv-heading409_79d729-30\">01-205 Warszawa<\/p>\n\n\n\n<p><\/p>\n\n\n\n<p><strong>e-mail:<br><\/strong>biuro@fermeco.pl<br>fermeco.pl@gmail.com<br>kgozdek@fermeco.pl<br>bheichman@fermeco.pl<\/p>\n<\/div><\/div>\n\n\n<style>.kadence-column409_acdcff-22 > .kt-inside-inner-col{padding-top:var(--global-kb-spacing-md, 2rem);padding-right:var(--global-kb-spacing-md, 2rem);padding-bottom:var(--global-kb-spacing-md, 2rem);padding-left:var(--global-kb-spacing-md, 2rem);}.kadence-column409_acdcff-22 > .kt-inside-inner-col,.kadence-column409_acdcff-22 > .kt-inside-inner-col:before{border-top-left-radius:5px;border-top-right-radius:5px;border-bottom-right-radius:5px;border-bottom-left-radius:5px;}.kadence-column409_acdcff-22 > .kt-inside-inner-col{column-gap:0px;}.kadence-column409_acdcff-22 > .kt-inside-inner-col{flex-direction:column;}.kadence-column409_acdcff-22 > .kt-inside-inner-col > .aligncenter{width:100%;}.kadence-column409_acdcff-22 > .kt-inside-inner-col{background-color:var(--global-palette8, #F7FAFC);}.kadence-column409_acdcff-22 > .kt-inside-inner-col:before{opacity:0.3;}.kadence-column409_acdcff-22{text-align:left;}.kadence-column409_acdcff-22{position:relative;}@media all and (max-width: 1024px){.kadence-column409_acdcff-22 > .kt-inside-inner-col{flex-direction:column;justify-content:center;}}@media all and (max-width: 767px){.kadence-column409_acdcff-22 > .kt-inside-inner-col{padding-top:var(--global-kb-spacing-xs, 1rem);padding-right:var(--global-kb-spacing-xs, 1rem);padding-bottom:var(--global-kb-spacing-xs, 1rem);padding-left:var(--global-kb-spacing-xs, 1rem);flex-direction:column;justify-content:center;}}<\/style>\n<div class=\"wp-block-kadence-column kadence-column409_acdcff-22 kb-section-dir-vertical inner-column-2\"><div class=\"kt-inside-inner-col\"><style>.kadence-form-409_f873a8-69 .kb-form .kadence-blocks-form-field .kb-text-style-field, .kadence-form-409_f873a8-69 .kb-form .kadence-blocks-form-field .kb-select-style-field{color:var(--global-palette3, #1A202C);border-width:0px 0px 3px 0px;background:rgba(0, 0, 0, 0);border-color:var(--global-palette2, #2B6CB0);}.kadence-form-409_f873a8-69 .kb-form .kadence-blocks-form-field .kb-forms-submit{border-radius:50px;}.kadence-form-409_f873a8-69 .kb-form .kadence-blocks-form-field .kb-forms-submit{text-transform:uppercase;}.kb-form input.kadence-blocks-field.verify{opacity:0.0;position:absolute;top:0.0;left:0.0;width:0.0;height:0.0;z-index:-1;}<\/style>\n<div class=\"wp-block-kadence-form kadence-form-409_f873a8-69 kb-form-wrap\"><form class=\"kb-form\" action=\"\" method=\"post\"><div class=\"kadence-blocks-form-field kb-field-desk-width-100 kb-input-size-standard\"><input name=\"kb_field_0\" id=\"kb_field_409_f873a8-69_0\" data-label=\"Vorname und Nachname\" type=\"text\" placeholder=\"Vorname und Nachname\" value=\"\" data-type=\"text\" class=\"kb-field kb-text-style-field kb-text-field kb-field-0\" data-required=\"yes\"\/><\/div><div class=\"kadence-blocks-form-field kb-form-field-1 kb-field-desk-width-50 kb-input-size-standard\"><input name=\"kb_field_1\" id=\"kb_field_409_f873a8-69_1\" data-label=\"Email\" type=\"email\" placeholder=\"Email\" value=\"\" data-type=\"email\" class=\"kb-field kb-text-style-field kb-email-field kb-field-1\" data-required=\"yes\"\/><\/div><div class=\"kadence-blocks-form-field kb-form-field-2 kb-field-desk-width-50 kb-input-size-standard\"><input name=\"kb_field_2\" id=\"kb_field_409_f873a8-69_2\" data-label=\"Numer telefonu\" type=\"text\" placeholder=\"Numer telefonu\" value=\"\" data-type=\"text\" class=\"kb-field kb-text-style-field kb-text-field kb-field-2\"\/><\/div><div class=\"kadence-blocks-form-field kb-form-field-3 kb-field-desk-width-100 kb-input-size-standard\"><input name=\"kb_field_3\" id=\"kb_field_409_f873a8-69_3\" data-label=\"Temat\" type=\"text\" placeholder=\"Temat wiadomo\u015bci\" value=\"\" data-type=\"text\" class=\"kb-field kb-text-style-field kb-text-field kb-field-3\"\/><\/div><div class=\"kadence-blocks-form-field kb-form-field-4 kb-field-desk-width-100 kb-input-size-standard\"><textarea name=\"kb_field_4\" id=\"kb_field_409_f873a8-69_4\" data-label=\"Wiadomo\u015b\u0107\" type=\"textarea\" placeholder=\"Wiadomo\u015b\u0107\" data-type=\"textarea\" class=\"kb-field kb-text-style-field kb-textarea-field kb-field-4\" rows=\"4\" data-required=\"yes\"><\/textarea><\/div><input type=\"hidden\" name=\"_kb_form_id\" value=\"409_f873a8-69\"\/><input type=\"hidden\" name=\"_kb_form_post_id\" value=\"409\"\/><input type=\"hidden\" name=\"action\" value=\"kb_process_ajax_submit\"\/><label class=\"kadence-verify-label\">Email<input class=\"kadence-blocks-field verify\" type=\"text\" name=\"_kb_verify_email\" autocomplete=\"new-password\" aria-hidden=\"true\" placeholder=\"Email\" tabindex=\"-1\" data-1p-ignore=\"true\" data-lpignore=\"true\" \/><\/label><div class=\"kadence-blocks-form-field kb-submit-field kb-field-desk-width-100\"><button class=\"kb-forms-submit button kb-button-size-standard kb-button-width-full\">Wy\u015blij wiadomo\u015b\u0107<\/button><\/div><\/form><\/div>\n<noscript><div class=\"kadence-blocks-form-message kadence-blocks-form-warning\">Bitte aktiviere JavaScript in deinem Browser, um dieses Formular fertigzustellen.<\/div><style>.kadence-form-409_f873a8-69 .kadence-blocks-form-field.kb-submit-field { display: none; }<\/style><\/noscript><\/div><\/div>\n\n<\/div><\/div>","protected":false},"excerpt":{"rendered":"<p>Kontakt FERMECO Sp. z o.o.&nbsp; M\u0142ynarska 7 01-205 Warszawa e-mail:biuro@fermeco.plfermeco.pl@gmail.comkgozdek@fermeco.plbheichman@fermeco.pl<\/p>\n","protected":false},"author":2,"featured_media":0,"parent":0,"menu_order":33,"comment_status":"closed","ping_status":"closed","template":"","meta":{"_acf_changed":false,"_kad_blocks_custom_css":"","_kad_blocks_head_custom_js":"","_kad_blocks_body_custom_js":"","_kad_blocks_footer_custom_js":"","_kad_post_transparent":"","_kad_post_title":"hide","_kad_post_layout":"fullwidth","_kad_post_sidebar_id":"","_kad_post_content_style":"unboxed","_kad_post_vertical_padding":"hide","_kad_post_feature":"","_kad_post_feature_position":"","_kad_post_header":false,"_kad_post_footer":false,"_kad_post_classname":"","footnotes":""},"class_list":["post-409","page","type-page","status-publish","hentry"],"acf":[],"yoast_head":"<!-- This site is optimized with the Yoast SEO plugin v27.4 - https:\/\/yoast.com\/product\/yoast-seo-wordpress\/ -->\n<title>Kontakt - Fermeco<\/title>\n<meta name=\"robots\" content=\"index, follow, max-snippet:-1, max-image-preview:large, max-video-preview:-1\" \/>\n<link rel=\"canonical\" href=\"https:\/\/fermeco.pl\/de\/kontakt\/\" \/>\n<meta property=\"og:locale\" content=\"de_DE\" \/>\n<meta property=\"og:type\" content=\"article\" \/>\n<meta property=\"og:title\" content=\"Kontakt - Fermeco\" \/>\n<meta property=\"og:description\" content=\"Kontakt FERMECO Sp. z o.o.&nbsp; M\u0142ynarska 7 01-205 Warszawa e-mail:biuro@fermeco.plfermeco.pl@gmail.comkgozdek@fermeco.plbheichman@fermeco.pl\" \/>\n<meta property=\"og:url\" content=\"https:\/\/fermeco.pl\/de\/kontakt\/\" \/>\n<meta property=\"og:site_name\" content=\"Fermeco\" \/>\n<meta property=\"article:modified_time\" content=\"2025-10-31T13:59:30+00:00\" \/>\n<meta name=\"twitter:card\" content=\"summary_large_image\" \/>\n<meta name=\"twitter:label1\" content=\"Gesch\u00e4tzte Lesezeit\" \/>\n\t<meta name=\"twitter:data1\" content=\"1\u00a0Minute\" \/>\n<script type=\"application\/ld+json\" class=\"yoast-schema-graph\">{\"@context\":\"https:\\\/\\\/schema.org\",\"@graph\":[{\"@type\":\"WebPage\",\"@id\":\"https:\\\/\\\/fermeco.pl\\\/de\\\/kontakt\\\/\",\"url\":\"https:\\\/\\\/fermeco.pl\\\/de\\\/kontakt\\\/\",\"name\":\"Kontakt - Fermeco\",\"isPartOf\":{\"@id\":\"https:\\\/\\\/fermeco.pl\\\/#website\"},\"datePublished\":\"2023-06-10T11:16:50+00:00\",\"dateModified\":\"2025-10-31T13:59:30+00:00\",\"breadcrumb\":{\"@id\":\"https:\\\/\\\/fermeco.pl\\\/de\\\/kontakt\\\/#breadcrumb\"},\"inLanguage\":\"de\",\"potentialAction\":[{\"@type\":\"ReadAction\",\"target\":[\"https:\\\/\\\/fermeco.pl\\\/de\\\/kontakt\\\/\"]}]},{\"@type\":\"BreadcrumbList\",\"@id\":\"https:\\\/\\\/fermeco.pl\\\/de\\\/kontakt\\\/#breadcrumb\",\"itemListElement\":[{\"@type\":\"ListItem\",\"position\":1,\"name\":\"Strona g\u0142\u00f3wna\",\"item\":\"https:\\\/\\\/fermeco.pl\\\/de\\\/\"},{\"@type\":\"ListItem\",\"position\":2,\"name\":\"Kontakt\"}]},{\"@type\":\"WebSite\",\"@id\":\"https:\\\/\\\/fermeco.pl\\\/#website\",\"url\":\"https:\\\/\\\/fermeco.pl\\\/\",\"name\":\"Fermeco\",\"description\":\"\",\"publisher\":{\"@id\":\"https:\\\/\\\/fermeco.pl\\\/#organization\"},\"potentialAction\":[{\"@type\":\"SearchAction\",\"target\":{\"@type\":\"EntryPoint\",\"urlTemplate\":\"https:\\\/\\\/fermeco.pl\\\/?s={search_term_string}\"},\"query-input\":{\"@type\":\"PropertyValueSpecification\",\"valueRequired\":true,\"valueName\":\"search_term_string\"}}],\"inLanguage\":\"de\"},{\"@type\":\"Organization\",\"@id\":\"https:\\\/\\\/fermeco.pl\\\/#organization\",\"name\":\"Fermeco\",\"url\":\"https:\\\/\\\/fermeco.pl\\\/\",\"logo\":{\"@type\":\"ImageObject\",\"inLanguage\":\"de\",\"@id\":\"https:\\\/\\\/fermeco.pl\\\/#\\\/schema\\\/logo\\\/image\\\/\",\"url\":\"https:\\\/\\\/fermeco.pl\\\/wp-content\\\/uploads\\\/2024\\\/03\\\/logo_stopka.webp\",\"contentUrl\":\"https:\\\/\\\/fermeco.pl\\\/wp-content\\\/uploads\\\/2024\\\/03\\\/logo_stopka.webp\",\"width\":275,\"height\":63,\"caption\":\"Fermeco\"},\"image\":{\"@id\":\"https:\\\/\\\/fermeco.pl\\\/#\\\/schema\\\/logo\\\/image\\\/\"}}]}<\/script>\n<!-- \/ Yoast SEO plugin. -->","yoast_head_json":{"title":"Kontakt - Fermeco","robots":{"index":"index","follow":"follow","max-snippet":"max-snippet:-1","max-image-preview":"max-image-preview:large","max-video-preview":"max-video-preview:-1"},"canonical":"https:\/\/fermeco.pl\/de\/kontakt\/","og_locale":"de_DE","og_type":"article","og_title":"Kontakt - Fermeco","og_description":"Kontakt FERMECO Sp. z o.o.&nbsp; M\u0142ynarska 7 01-205 Warszawa e-mail:biuro@fermeco.plfermeco.pl@gmail.comkgozdek@fermeco.plbheichman@fermeco.pl","og_url":"https:\/\/fermeco.pl\/de\/kontakt\/","og_site_name":"Fermeco","article_modified_time":"2025-10-31T13:59:30+00:00","twitter_card":"summary_large_image","twitter_misc":{"Gesch\u00e4tzte Lesezeit":"1\u00a0Minute"},"schema":{"@context":"https:\/\/schema.org","@graph":[{"@type":"WebPage","@id":"https:\/\/fermeco.pl\/de\/kontakt\/","url":"https:\/\/fermeco.pl\/de\/kontakt\/","name":"Kontakt - Fermeco","isPartOf":{"@id":"https:\/\/fermeco.pl\/#website"},"datePublished":"2023-06-10T11:16:50+00:00","dateModified":"2025-10-31T13:59:30+00:00","breadcrumb":{"@id":"https:\/\/fermeco.pl\/de\/kontakt\/#breadcrumb"},"inLanguage":"de","potentialAction":[{"@type":"ReadAction","target":["https:\/\/fermeco.pl\/de\/kontakt\/"]}]},{"@type":"BreadcrumbList","@id":"https:\/\/fermeco.pl\/de\/kontakt\/#breadcrumb","itemListElement":[{"@type":"ListItem","position":1,"name":"Strona g\u0142\u00f3wna","item":"https:\/\/fermeco.pl\/de\/"},{"@type":"ListItem","position":2,"name":"Kontakt"}]},{"@type":"WebSite","@id":"https:\/\/fermeco.pl\/#website","url":"https:\/\/fermeco.pl\/","name":"Fermeco","description":"","publisher":{"@id":"https:\/\/fermeco.pl\/#organization"},"potentialAction":[{"@type":"SearchAction","target":{"@type":"EntryPoint","urlTemplate":"https:\/\/fermeco.pl\/?s={search_term_string}"},"query-input":{"@type":"PropertyValueSpecification","valueRequired":true,"valueName":"search_term_string"}}],"inLanguage":"de"},{"@type":"Organization","@id":"https:\/\/fermeco.pl\/#organization","name":"Fermeco","url":"https:\/\/fermeco.pl\/","logo":{"@type":"ImageObject","inLanguage":"de","@id":"https:\/\/fermeco.pl\/#\/schema\/logo\/image\/","url":"https:\/\/fermeco.pl\/wp-content\/uploads\/2024\/03\/logo_stopka.webp","contentUrl":"https:\/\/fermeco.pl\/wp-content\/uploads\/2024\/03\/logo_stopka.webp","width":275,"height":63,"caption":"Fermeco"},"image":{"@id":"https:\/\/fermeco.pl\/#\/schema\/logo\/image\/"}}]}},"taxonomy_info":[],"featured_image_src_large":false,"author_info":{"display_name":"admin@fermeco","author_link":"https:\/\/fermeco.pl\/de\/author\/adminfermeco\/"},"comment_info":0,"_links":{"self":[{"href":"https:\/\/fermeco.pl\/de\/wp-json\/wp\/v2\/pages\/409","targetHints":{"allow":["GET"]}}],"collection":[{"href":"https:\/\/fermeco.pl\/de\/wp-json\/wp\/v2\/pages"}],"about":[{"href":"https:\/\/fermeco.pl\/de\/wp-json\/wp\/v2\/types\/page"}],"author":[{"embeddable":true,"href":"https:\/\/fermeco.pl\/de\/wp-json\/wp\/v2\/users\/2"}],"replies":[{"embeddable":true,"href":"https:\/\/fermeco.pl\/de\/wp-json\/wp\/v2\/comments?post=409"}],"version-history":[{"count":12,"href":"https:\/\/fermeco.pl\/de\/wp-json\/wp\/v2\/pages\/409\/revisions"}],"predecessor-version":[{"id":2307,"href":"https:\/\/fermeco.pl\/de\/wp-json\/wp\/v2\/pages\/409\/revisions\/2307"}],"wp:attachment":[{"href":"https:\/\/fermeco.pl\/de\/wp-json\/wp\/v2\/media?parent=409"}],"curies":[{"name":"wp","href":"https:\/\/api.w.org\/{rel}","templated":true}]}}